{"id":650,"date":"2022-01-26T07:55:43","date_gmt":"2022-01-26T07:55:43","guid":{"rendered":"https:\/\/os-cavtat-zrcalo.net\/?page_id=650"},"modified":"2022-05-12T09:31:11","modified_gmt":"2022-05-12T09:31:11","slug":"izvan-nastave","status":"publish","type":"page","link":"https:\/\/os-cavtat-zrcalo.net\/index.php\/izvan-nastave\/","title":{"rendered":"Izvan nastave"},"content":{"rendered":"\n<p class=\"has-text-color has-medium-font-size\" style=\"color:#0e744f\"><strong><em>U ovoj rubrici \u0107ete u padaju\u0107em izborniku prona\u0107i brojne podrubrike kao \u0161to su Eko-eko, rubriku Sport u kojoj \u0107emo vam davati najnovije vijesti iz svijeta sporta u \u0161koli, ali i sportskog \u017eivota na\u0161ih u\u010denika izvan \u0161kole. Tu \u0107ete tako\u0111er prona\u0107i i poneki putopis, saznati gdje putujemo i koji teren osvajamo :). <\/em><\/strong><\/p>\n","protected":false},"excerpt":{"rendered":"<p>U ovoj rubrici \u0107ete u padaju\u0107em izborniku prona\u0107i brojne podrubrike kao \u0161to su Eko-eko, rubriku Sport u kojoj \u0107emo vam davati najnovije vijesti iz svijeta [&hellip;]<\/p>\n","protected":false},"author":1,"featured_media":0,"parent":0,"menu_order":0,"comment_status":"closed","ping_status":"closed","template":"","meta":{"footnotes":""},"class_list":["post-650","page","type-page","status-publish","hentry"],"_links":{"self":[{"href":"https:\/\/os-cavtat-zrcalo.net\/index.php\/wp-json\/wp\/v2\/pages\/650","targetHints":{"allow":["GET"]}}],"collection":[{"href":"https:\/\/os-cavtat-zrcalo.net\/index.php\/wp-json\/wp\/v2\/pages"}],"about":[{"href":"https:\/\/os-cavtat-zrcalo.net\/index.php\/wp-json\/wp\/v2\/types\/page"}],"author":[{"embeddable":true,"href":"https:\/\/os-cavtat-zrcalo.net\/index.php\/wp-json\/wp\/v2\/users\/1"}],"replies":[{"embeddable":true,"href":"https:\/\/os-cavtat-zrcalo.net\/index.php\/wp-json\/wp\/v2\/comments?post=650"}],"version-history":[{"count":4,"href":"https:\/\/os-cavtat-zrcalo.net\/index.php\/wp-json\/wp\/v2\/pages\/650\/revisions"}],"predecessor-version":[{"id":1376,"href":"https:\/\/os-cavtat-zrcalo.net\/index.php\/wp-json\/wp\/v2\/pages\/650\/revisions\/1376"}],"wp:attachment":[{"href":"https:\/\/os-cavtat-zrcalo.net\/index.php\/wp-json\/wp\/v2\/media?parent=650"}],"curies":[{"name":"wp","href":"https:\/\/api.w.org\/{rel}","templated":true}]}}