{"id":638,"date":"2022-01-25T15:58:09","date_gmt":"2022-01-25T15:58:09","guid":{"rendered":"https:\/\/os-cavtat-zrcalo.net\/?page_id=638"},"modified":"2024-04-30T11:23:33","modified_gmt":"2024-04-30T11:23:33","slug":"impressum","status":"publish","type":"page","link":"https:\/\/os-cavtat-zrcalo.net\/index.php\/impressum\/","title":{"rendered":"Impressum"},"content":{"rendered":"\n<p class=\"has-drop-cap has-text-color\" style=\"color:#ae903e\"><strong>Digitalni list Osnovne \u0161kole Cavtat<\/strong><\/p>\n\n\n\n<p>Osnovna \u0160kola Cavtat<\/p>\n\n\n\n<p>Stjepana Radi\u0107a 3<\/p>\n\n\n\n<p>20210 Cavtat<\/p>\n\n\n\n<p><strong>OIB<\/strong>:&nbsp;<strong>07260663095<\/strong><\/p>\n\n\n\n<p><strong>tel<\/strong>.: 020\/478-052<\/p>\n\n\n\n<p><strong>fax<\/strong>.: 020\/478-358<\/p>\n\n\n\n<p><strong>e-mail:<\/strong>&nbsp;<a href=\"mailto:ured@os-cavtat.skole.hr\" target=\"_blank\" rel=\"noreferrer noopener\">ured@os-cavtat.skole.hr<\/a><\/p>\n\n\n\n<p><strong>web adresa<\/strong>:&nbsp;<a href=\"http:\/\/os-cavtat.skole.hr\" target=\"_blank\" rel=\"noreferrer noopener\">www.os-cavtat.skole.hr<\/a><\/p>\n\n\n\n<p><strong>youtube kanal<\/strong>:&nbsp;<a href=\"https:\/\/www.youtube.com\/channel\/UCN6EFlzudQM3fpVVKtMSvGg\" target=\"_blank\" rel=\"noreferrer noopener\">O\u0160 Cavtat<\/a><\/p>\n\n\n\n<p><strong>Glavna urednica<\/strong>:&nbsp;Ana Bako, 7. a <\/p>\n\n\n\n<p>Zamjenica glavne urednice: Lea Carevi\u0107, 7. a<\/p>\n\n\n\n<p><strong>Odgovorna urednica i mentorica novinarske grupe:<\/strong>&nbsp;Ivana Mileti\u0107, knji\u017eni\u010darka<\/p>\n\n\n\n<p><strong>Novinarska grupa:<\/strong><\/p>\n\n\n\n<p>Lea Carevi\u0107, 7. a<\/p>\n\n\n\n<p>Ana Bako, 7. a<\/p>\n\n\n\n<p>Marija Hendi\u0107 7.b<\/p>\n\n\n\n<p>Marija Klinac, 6. c<\/p>\n\n\n\n<p>Eva \u0106umo, 5. a<\/p>\n\n\n\n<p>Ana Miljani\u0107, 5. a<\/p>\n\n\n\n<p><\/p>\n\n\n\n<p><a href=\"http:\/\/creativecommons.org\/licenses\/by-nc-nd\/4.0\/\"><\/a><br>Ovo djelo je dano na kori\u0161tenje pod licencom <a href=\"http:\/\/creativecommons.org\/licenses\/by-nc-nd\/4.0\/\">Creative Commons Imenovanje-Nekomercijalno-Bez prerada 4.0 me\u0111unarodna<\/a>.<br><br><\/p>\n\n\n\n<p><\/p>\n\n\n\n<p><\/p>\n\n\n\n<p><\/p>\n\n\n\n<p><\/p>\n","protected":false},"excerpt":{"rendered":"<p>Digitalni list Osnovne \u0161kole Cavtat Osnovna \u0160kola Cavtat Stjepana Radi\u0107a 3 20210 Cavtat OIB:&nbsp;07260663095 tel.: 020\/478-052 fax.: 020\/478-358 e-mail:&nbsp;ured@os-cavtat.skole.hr web adresa:&nbsp;www.os-cavtat.skole.hr youtube kanal:&nbsp;O\u0160 Cavtat Glavna [&hellip;]<\/p>\n","protected":false},"author":1,"featured_media":0,"parent":0,"menu_order":0,"comment_status":"closed","ping_status":"closed","template":"","meta":{"footnotes":""},"class_list":["post-638","page","type-page","status-publish","hentry"],"_links":{"self":[{"href":"https:\/\/os-cavtat-zrcalo.net\/index.php\/wp-json\/wp\/v2\/pages\/638","targetHints":{"allow":["GET"]}}],"collection":[{"href":"https:\/\/os-cavtat-zrcalo.net\/index.php\/wp-json\/wp\/v2\/pages"}],"about":[{"href":"https:\/\/os-cavtat-zrcalo.net\/index.php\/wp-json\/wp\/v2\/types\/page"}],"author":[{"embeddable":true,"href":"https:\/\/os-cavtat-zrcalo.net\/index.php\/wp-json\/wp\/v2\/users\/1"}],"replies":[{"embeddable":true,"href":"https:\/\/os-cavtat-zrcalo.net\/index.php\/wp-json\/wp\/v2\/comments?post=638"}],"version-history":[{"count":17,"href":"https:\/\/os-cavtat-zrcalo.net\/index.php\/wp-json\/wp\/v2\/pages\/638\/revisions"}],"predecessor-version":[{"id":2124,"href":"https:\/\/os-cavtat-zrcalo.net\/index.php\/wp-json\/wp\/v2\/pages\/638\/revisions\/2124"}],"wp:attachment":[{"href":"https:\/\/os-cavtat-zrcalo.net\/index.php\/wp-json\/wp\/v2\/media?parent=638"}],"curies":[{"name":"wp","href":"https:\/\/api.w.org\/{rel}","templated":true}]}}